{"id":977,"date":"2025-11-26T01:06:05","date_gmt":"2025-11-25T23:06:05","guid":{"rendered":"https:\/\/www.hastnas.fi\/?page_id=977"},"modified":"2025-11-26T01:06:05","modified_gmt":"2025-11-25T23:06:05","slug":"toimintasuunnitelma-2026","status":"publish","type":"page","link":"https:\/\/www.hastnas.fi\/?page_id=977","title":{"rendered":"Toimintasuunnitelma 2026"},"content":{"rendered":"<ul>\n<li>Jatkoa historia-iltap\u00e4iville<\/li>\n<li>Kev\u00e4inen yhteisty\u00f6tapahtuma Villa Wuorion kanssa<\/li>\n<li>S\u00e4\u00e4nt\u00f6m\u00e4\u00e4r\u00e4inen kev\u00e4tkokous<\/li>\n<li>Kev\u00e4\u00e4n avaus toimitalolla, lepakkop\u00f6ntt\u00f6ty\u00f6paja<\/li>\n<li>Perinteinen kokop\u00e4iv\u00e4retki kes\u00e4kuussa<\/li>\n<li>Rapujuhla<\/li>\n<li>Lepakkoretki l\u00e4hiymp\u00e4rist\u00f6\u00f6n<\/li>\n<li>Perinteinen kalajuhla<\/li>\n<li>S\u00e4\u00e4nt\u00f6m\u00e4\u00e4r\u00e4inen syyskokous<\/li>\n<li>Yhdistyksen pikkujoulu<\/li>\n<\/ul>\n","protected":false},"excerpt":{"rendered":"<p>Jatkoa historia-iltap\u00e4iville Kev\u00e4inen yhteisty\u00f6tapahtuma Villa Wuorion kanssa S\u00e4\u00e4nt\u00f6m\u00e4\u00e4r\u00e4inen kev\u00e4tkokous Kev\u00e4\u00e4n avaus toimitalolla, lepakkop\u00f6ntt\u00f6ty\u00f6paja Perinteinen kokop\u00e4iv\u00e4retki kes\u00e4kuussa Rapujuhla Lepakkoretki l\u00e4hiymp\u00e4rist\u00f6\u00f6n Perinteinen kalajuhla S\u00e4\u00e4nt\u00f6m\u00e4\u00e4r\u00e4inen syyskokous Yhdistyksen pikkujoulu<\/p>\n","protected":false},"author":1,"featured_media":0,"parent":690,"menu_order":0,"comment_status":"closed","ping_status":"closed","template":"","meta":{"inline_featured_image":false,"_EventAllDay":false,"_EventTimezone":"","_EventStartDate":"","_EventEndDate":"","_EventStartDateUTC":"","_EventEndDateUTC":"","_EventShowMap":false,"_EventShowMapLink":false,"_EventURL":"","_EventCost":"","_EventCostDescription":"","_EventCurrencySymbol":"","_EventCurrencyCode":"","_EventCurrencyPosition":"","_EventDateTimeSeparator":"","_EventTimeRangeSeparator":"","_EventOrganizerID":[],"_EventVenueID":[],"_OrganizerEmail":"","_OrganizerPhone":"","_OrganizerWebsite":"","_VenueAddress":"","_VenueCity":"","_VenueCountry":"","_VenueProvince":"","_VenueState":"","_VenueZip":"","_VenuePhone":"","_VenueURL":"","_VenueStateProvince":"","_VenueLat":"","_VenueLng":"","_VenueShowMap":false,"_VenueShowMapLink":false,"footnotes":""},"class_list":["post-977","page","type-page","status-publish","hentry"],"publishpress_future_action":{"enabled":false,"date":"2026-04-21 21:16:45","action":"change-status","newStatus":"draft","terms":[],"taxonomy":"","extraData":[]},"publishpress_future_workflow_manual_trigger":{"enabledWorkflows":[]},"_links":{"self":[{"href":"https:\/\/www.hastnas.fi\/index.php?rest_route=\/wp\/v2\/pages\/977","targetHints":{"allow":["GET"]}}],"collection":[{"href":"https:\/\/www.hastnas.fi\/index.php?rest_route=\/wp\/v2\/pages"}],"about":[{"href":"https:\/\/www.hastnas.fi\/index.php?rest_route=\/wp\/v2\/types\/page"}],"author":[{"embeddable":true,"href":"https:\/\/www.hastnas.fi\/index.php?rest_route=\/wp\/v2\/users\/1"}],"replies":[{"embeddable":true,"href":"https:\/\/www.hastnas.fi\/index.php?rest_route=%2Fwp%2Fv2%2Fcomments&post=977"}],"version-history":[{"count":2,"href":"https:\/\/www.hastnas.fi\/index.php?rest_route=\/wp\/v2\/pages\/977\/revisions"}],"predecessor-version":[{"id":979,"href":"https:\/\/www.hastnas.fi\/index.php?rest_route=\/wp\/v2\/pages\/977\/revisions\/979"}],"up":[{"embeddable":true,"href":"https:\/\/www.hastnas.fi\/index.php?rest_route=\/wp\/v2\/pages\/690"}],"wp:attachment":[{"href":"https:\/\/www.hastnas.fi\/index.php?rest_route=%2Fwp%2Fv2%2Fmedia&parent=977"}],"curies":[{"name":"wp","href":"https:\/\/api.w.org\/{rel}","templated":true}]}}