{"id":290,"date":"2023-05-07T09:56:11","date_gmt":"2023-05-07T06:56:11","guid":{"rendered":"https:\/\/www.hastnas.fi\/?page_id=290"},"modified":"2026-04-21T21:40:12","modified_gmt":"2026-04-21T18:40:12","slug":"linkkisivu","status":"publish","type":"page","link":"https:\/\/www.hastnas.fi\/?page_id=290","title":{"rendered":"Linkkisivu"},"content":{"rendered":"<p><a href=\"https:\/\/www.facebook.com\/profile.php?id=100069219889025\" target=\"_blank\" rel=\"noopener\">H\u00e4stn\u00e4s ry<\/a> Facebookissa<\/p>\n<p><a href=\"https:\/\/www.laajasalo-degero.fi\/\" target=\"_blank\" rel=\"noopener\">Laajasalo &#8211; Deger\u00f6 Seura<\/a> ry, seuran <a href=\"https:\/\/www.facebook.com\/laajasalodegeroseura\" target=\"_blank\" rel=\"noopener\">Facebook-sivut<\/a> (eiv\u00e4t vaadi kirjautumista)<\/p>\n<p>Wikipedia &#8211; <a href=\"https:\/\/fi.wikipedia.org\/wiki\/Hevossalmi\" target=\"_blank\" rel=\"noopener\">Hevossalmi<\/a><\/p>\n<p>Foreca, t\u00e4sm\u00e4s\u00e4\u00e4 &#8211; <a href=\"https:\/\/www.foreca.fi\/Finland\/Helsinki\/Hevossalmi\" target=\"_blank\" rel=\"noopener\">Hevossalmi<\/a><\/p>\n<p>Fonecta kartta &#8211; <a href=\"https:\/\/www.fonecta.fi\/kartat?lon=25.049257278442383&amp;lat=60.16164119249203&amp;z=16\" target=\"_blank\" rel=\"noopener\">Hevossalmi<\/a><\/p>\n<p>Ulkoliikuntakartta &#8211; <a href=\"https:\/\/ulkoliikunta.fi\/fi\/unit\/39910-Hevossalmen%20uimaranta\" target=\"_blank\" rel=\"noopener\">Hevossalmen uimaranta<\/a><\/p>\n<p>Palvelukartta &#8211; <a href=\"https:\/\/palvelukartta.hel.fi\/fi\/unit\/39910\" target=\"_blank\" rel=\"noopener\">Hevossalmen uimaranta<\/a><\/p>\n<p>Siltavahtina <a href=\"https:\/\/www.senaatti.fi\/ajankohtaista\/artikkelit\/hevossalmen-siltavahti-sujuvoittaa-kesatoissa-meriliikennetta\/\" target=\"_blank\" rel=\"noopener\">Hevossalmessa<\/a><\/p>\n<p>YouTube video <a href=\"https:\/\/www.youtube.com\/watch?v=8ix7tX3CcH0\" target=\"_blank\" rel=\"noopener\">Hevossalmi 4K<\/a> (3:06)<\/p>\n<p>Pys\u00e4kkiaikataulu: <a href=\"https:\/\/reittiopas.hsl.fi\/pysakit\/HSL%3A1495153\" target=\"_blank\" rel=\"noopener\">H4106 &#8211; Laajasalontie 63<\/a> (Herttoniemen suuntaan)<\/p>\n<p>Pys\u00e4kkiaikataulu: <a href=\"https:\/\/reittiopas.hsl.fi\/pysakit\/HSL%3A1495152\" target=\"_blank\" rel=\"noopener\">H4107 &#8211; Hevossalmentie<\/a> (Santahaminan suuntaan)<\/p>\n<p>Kirjailija <a href=\"https:\/\/www.strang.fi\/\" target=\"_blank\" rel=\"noopener\">Jan Strangin kotisivut<\/a>, t\u00e4\u00e4lt\u00e4 pystyy mm. hankkimaan Hevossalmeakin k\u00e4sittelev\u00e4t kirjat &#8221;Kartanoiden ja huviloiden Laajasalo I ja II&#8221;<\/p>\n<p><a href=\"https:\/\/maavoimat.fi\/haku?q=Hevossalmi\" target=\"_blank\" rel=\"noopener\">Hevossalmen silta<\/a> on avoinna meriliikenteelle 3.5. &#8211; 31.10.2024. Silta avataan tarvittaessa kaksi kertaa tunnissa (puolelta ja tasatunnein) klo 7:30 &#8211; 23:00.<\/p>\n","protected":false},"excerpt":{"rendered":"<p>H\u00e4stn\u00e4s ry Facebookissa Laajasalo &#8211; Deger\u00f6 Seura ry, seuran Facebook-sivut (eiv\u00e4t vaadi kirjautumista) Wikipedia &#8211; Hevossalmi Foreca, t\u00e4sm\u00e4s\u00e4\u00e4 &#8211; Hevossalmi Fonecta kartta &#8211; Hevossalmi Ulkoliikuntakartta [&#8230;]<\/p>\n","protected":false},"author":2,"featured_media":0,"parent":0,"menu_order":0,"comment_status":"closed","ping_status":"closed","template":"","meta":{"inline_featured_image":false,"_EventAllDay":false,"_EventTimezone":"","_EventStartDate":"","_EventEndDate":"","_EventStartDateUTC":"","_EventEndDateUTC":"","_EventShowMap":false,"_EventShowMapLink":false,"_EventURL":"","_EventCost":"","_EventCostDescription":"","_EventCurrencySymbol":"","_EventCurrencyCode":"","_EventCurrencyPosition":"","_EventDateTimeSeparator":"","_EventTimeRangeSeparator":"","_EventOrganizerID":[],"_EventVenueID":[],"_OrganizerEmail":"","_OrganizerPhone":"","_OrganizerWebsite":"","_VenueAddress":"","_VenueCity":"","_VenueCountry":"","_VenueProvince":"","_VenueState":"","_VenueZip":"","_VenuePhone":"","_VenueURL":"","_VenueStateProvince":"","_VenueLat":"","_VenueLng":"","_VenueShowMap":false,"_VenueShowMapLink":false,"footnotes":""},"class_list":["post-290","page","type-page","status-publish","hentry"],"publishpress_future_action":{"enabled":false,"date":"2026-05-23 03:01:32","action":"change-status","newStatus":"draft","terms":[],"taxonomy":"","extraData":[]},"publishpress_future_workflow_manual_trigger":{"enabledWorkflows":[]},"_links":{"self":[{"href":"https:\/\/www.hastnas.fi\/index.php?rest_route=\/wp\/v2\/pages\/290","targetHints":{"allow":["GET"]}}],"collection":[{"href":"https:\/\/www.hastnas.fi\/index.php?rest_route=\/wp\/v2\/pages"}],"about":[{"href":"https:\/\/www.hastnas.fi\/index.php?rest_route=\/wp\/v2\/types\/page"}],"author":[{"embeddable":true,"href":"https:\/\/www.hastnas.fi\/index.php?rest_route=\/wp\/v2\/users\/2"}],"replies":[{"embeddable":true,"href":"https:\/\/www.hastnas.fi\/index.php?rest_route=%2Fwp%2Fv2%2Fcomments&post=290"}],"version-history":[{"count":20,"href":"https:\/\/www.hastnas.fi\/index.php?rest_route=\/wp\/v2\/pages\/290\/revisions"}],"predecessor-version":[{"id":1164,"href":"https:\/\/www.hastnas.fi\/index.php?rest_route=\/wp\/v2\/pages\/290\/revisions\/1164"}],"wp:attachment":[{"href":"https:\/\/www.hastnas.fi\/index.php?rest_route=%2Fwp%2Fv2%2Fmedia&parent=290"}],"curies":[{"name":"wp","href":"https:\/\/api.w.org\/{rel}","templated":true}]}}