{"id":277,"date":"2023-04-27T19:45:02","date_gmt":"2023-04-27T16:45:02","guid":{"rendered":"https:\/\/www.hastnas.fi\/?page_id=277"},"modified":"2023-04-27T19:45:02","modified_gmt":"2023-04-27T16:45:02","slug":"toimintakertomus-2022","status":"publish","type":"page","link":"https:\/\/www.hastnas.fi\/?page_id=277","title":{"rendered":"Toimintakertomus 2022"},"content":{"rendered":"<h2>Toimintakertomus vuodelta 2022<\/h2>\n<p><strong>Perustiedot yhdistyksest\u00e4<\/strong><br \/>\nYhdistys on perustettu vuonna 1987<br \/>\nYhdistyksen toiminnan p\u00e4\u00e4m\u00e4\u00e4r\u00e4n\u00e4 ja tarkoituksena on hevossalmelaisen ymp\u00e4rist\u00f6n, kulttuurin ja perinteiden vaaliminen.<br \/>\n<strong>Yhdistyksen kokoukset<\/strong><br \/>\nYhdistyksen s\u00e4\u00e4nt\u00f6m\u00e4\u00e4r\u00e4iset vuosikokoukset : 12.5.2022 Palvelukoti Sofia ja 10.11.2022 Sarvastonkaari 3, kerhotila.<br \/>\n<strong>Hallitus ja toiminnantarkastajat<\/strong><br \/>\nHallitus on kokoontunut toimintavuoden aikana 6 kertaa<br \/>\n-35-vuotisjuhla- ja kotisivutoimikunnat kokoontuneet muutaman kerran.<\/p>\n<p>Hallitukseen kuuluivat toimintavuoden 2022 aikana:<br \/>\nHannu Viding, puheenjohtaja<br \/>\nJani Euro, varapuheenjohtaja<br \/>\nTiina Katter, rahastonhoitaja<br \/>\nJuhani Heinonen<br \/>\nReija Jyrkinen<br \/>\nP\u00e4ivi Strandberg<br \/>\nMikko Tervakangas<br \/>\nOskar Viding<br \/>\nVeera Reinhard, varaj\u00e4sen<br \/>\nYhdistyksen sihteerin\u00e4 on toiminut P\u00e4ivi Strandberg<br \/>\nToiminnantarkastajat : Risto Marttinen ja Rauno Manninen , varatoiminnantarkastaja Bo-G\u00f6ran Kumlander<\/p>\n<p>J\u00e4senpostia toimitettiin jakaen 39 osoitteeseen, s\u00e4hk\u00f6postitse 19 ja maapostitse 4. Aikuisia aktiivij\u00e4seni\u00e4 97.<br \/>\nKunniaj\u00e4seni\u00e4 toimintakauden lopussa 12<br \/>\nYhdistyksen hallitus oli tehnyt v. 2021 p\u00e4\u00e4t\u00f6ksen, ettei uusia j\u00e4senhakemuksia oteta k\u00e4sittelyyn koronavirus epidemian aiheutettua yhdistyksen toiminnan laajuuteen ep\u00e4varmuutta. Kev\u00e4\u00e4ll\u00e4 2022 normaali toiminta palautettiin.<br \/>\nYhdistykseen liittyi 3 j\u00e4sent\u00e4, yhdistyksest\u00e4 erosi 3 j\u00e4sent\u00e4.<br \/>\nYhdistys on facebookissa.<br \/>\nYhdistys on hankkinut omat kotisivut, toimittaja Multim oy\/Shellit .org\/Tavu Cloud. Sivut eiv\u00e4t valmistuneet viel\u00e4 toimintakauden aikana.<\/p>\n<p><strong>Yhdistyksen ohjelmatoiminta<\/strong><br \/>\n&#8211; Maaliskuuksi suunniteltu Soppasunnuntai jouduttiin peruuttamaan yll\u00e4tt\u00e4v\u00e4n toimitsijapulan vuoksi.<br \/>\n&#8211; Kev\u00e4\u00e4n avausta vietettiin toimitalolla toukokuussa. Toimitalotapahtumaan osallistui my\u00f6s historiantutkija ja kirjailija Jan Strang, joka oli kiinnostunut hevossalmelaisten rakennusten historiasta ja vanhoista kuvista.<br \/>\n&#8211; Kev\u00e4tkokouksen j\u00e4lkeen Ulkopoliittisen instituutin edustaja piti esityksen Neuvostoliiton hajoamisesta.<br \/>\n&#8211; Perinteinen kes\u00e4kuinen veneretki tehtiin Kotkan Varissaareen.<br \/>\n&#8211; Rapujuhlaa vietettiin elokuussa yhdistyksen toimitalolla.<br \/>\n&#8211; Syyskuussa yhdistyksen toimitalolla ulkotiloissa nautittiin herkullinen kalap\u00f6yt\u00e4 katettuna hevossalmelaisten valmistamilla kalaruuilla.<br \/>\n&#8211; Toimintakausi huipentui yhdistyksen 35-vuotisjuhliin Ylistalolla. Juhlassa kutsuttiin yhdistykseen kaksi uutta kunniaj\u00e4sent\u00e4.<\/p>\n<p>Yhdistyksen toimitaloa on vuokrattu ulkopuolisille kokousten pitopaikaksi.<br \/>\nYhdistyksen telttakatosta on vuokrattu yhdistyksen j\u00e4senille.<\/p>\n<p>H\u00e4stn\u00e4s ry, hallitus<\/p>\n","protected":false},"excerpt":{"rendered":"<p>Toimintakertomus vuodelta 2022 Perustiedot yhdistyksest\u00e4 Yhdistys on perustettu vuonna 1987 Yhdistyksen toiminnan p\u00e4\u00e4m\u00e4\u00e4r\u00e4n\u00e4 ja tarkoituksena on hevossalmelaisen ymp\u00e4rist\u00f6n, kulttuurin ja perinteiden vaaliminen. Yhdistyksen kokoukset Yhdistyksen [&#8230;]<\/p>\n","protected":false},"author":2,"featured_media":0,"parent":0,"menu_order":0,"comment_status":"closed","ping_status":"closed","template":"","meta":{"inline_featured_image":false,"_EventAllDay":false,"_EventTimezone":"","_EventStartDate":"","_EventEndDate":"","_EventStartDateUTC":"","_EventEndDateUTC":"","_EventShowMap":false,"_EventShowMapLink":false,"_EventURL":"","_EventCost":"","_EventCostDescription":"","_EventCurrencySymbol":"","_EventCurrencyCode":"","_EventCurrencyPosition":"","_EventDateTimeSeparator":"","_EventTimeRangeSeparator":"","_EventOrganizerID":[],"_EventVenueID":[],"_OrganizerEmail":"","_OrganizerPhone":"","_OrganizerWebsite":"","_VenueAddress":"","_VenueCity":"","_VenueCountry":"","_VenueProvince":"","_VenueState":"","_VenueZip":"","_VenuePhone":"","_VenueURL":"","_VenueStateProvince":"","_VenueLat":"","_VenueLng":"","_VenueShowMap":false,"_VenueShowMapLink":false,"footnotes":""},"class_list":["post-277","page","type-page","status-publish","hentry"],"publishpress_future_action":{"enabled":false,"date":"2026-05-23 02:59:20","action":"change-status","newStatus":"draft","terms":[],"taxonomy":"","extraData":[]},"publishpress_future_workflow_manual_trigger":{"enabledWorkflows":[]},"_links":{"self":[{"href":"https:\/\/www.hastnas.fi\/index.php?rest_route=\/wp\/v2\/pages\/277","targetHints":{"allow":["GET"]}}],"collection":[{"href":"https:\/\/www.hastnas.fi\/index.php?rest_route=\/wp\/v2\/pages"}],"about":[{"href":"https:\/\/www.hastnas.fi\/index.php?rest_route=\/wp\/v2\/types\/page"}],"author":[{"embeddable":true,"href":"https:\/\/www.hastnas.fi\/index.php?rest_route=\/wp\/v2\/users\/2"}],"replies":[{"embeddable":true,"href":"https:\/\/www.hastnas.fi\/index.php?rest_route=%2Fwp%2Fv2%2Fcomments&post=277"}],"version-history":[{"count":5,"href":"https:\/\/www.hastnas.fi\/index.php?rest_route=\/wp\/v2\/pages\/277\/revisions"}],"predecessor-version":[{"id":282,"href":"https:\/\/www.hastnas.fi\/index.php?rest_route=\/wp\/v2\/pages\/277\/revisions\/282"}],"wp:attachment":[{"href":"https:\/\/www.hastnas.fi\/index.php?rest_route=%2Fwp%2Fv2%2Fmedia&parent=277"}],"curies":[{"name":"wp","href":"https:\/\/api.w.org\/{rel}","templated":true}]}}