{"id":218,"date":"2023-04-24T19:34:05","date_gmt":"2023-04-24T16:34:05","guid":{"rendered":"https:\/\/www.hastnas.fi\/?page_id=218"},"modified":"2026-02-01T08:45:09","modified_gmt":"2026-02-01T06:45:09","slug":"yhteystiedot","status":"publish","type":"page","link":"https:\/\/www.hastnas.fi\/?page_id=218","title":{"rendered":"Yhteystiedot"},"content":{"rendered":"<p>Yhdistyksen yhteystiedot:<\/p>\n<p><strong>H\u00e4stn\u00e4s ry<\/strong><br \/>\nOsoite: Laajasalontie 82a, <\/p>\n<p>Hallitus:<br \/>\nJani Euro, puheenjohtaja<br \/>\nOskar Viding, varapuheenjohtaja<br \/>\nP\u00e4ivi Strandberg, sihteeri<br \/>\nTiina Katter, taloudenhoitaja<br \/>\nJussi Heinonen<br \/>\nHannu Helminen<br \/>\nReija Jyrkinen<br \/>\nHannu Viding<br \/>\nVeera Reinhard, varaj\u00e4sen<\/p>\n<p>T\u00e4st\u00e4 <a href=\"https:\/\/www.hastnas.fi\/?page_id=207&amp;preview=true\">yhteydenottolomakkeelle<\/a>.<\/p>\n","protected":false},"excerpt":{"rendered":"<p>Yhdistyksen yhteystiedot: H\u00e4stn\u00e4s ry Osoite: Laajasalontie 82a, Hallitus: Jani Euro, puheenjohtaja Oskar Viding, varapuheenjohtaja P\u00e4ivi Strandberg, sihteeri Tiina Katter, taloudenhoitaja Jussi Heinonen Hannu Helminen Reija [&#8230;]<\/p>\n","protected":false},"author":1,"featured_media":0,"parent":0,"menu_order":0,"comment_status":"closed","ping_status":"closed","template":"","meta":{"inline_featured_image":false,"_EventAllDay":false,"_EventTimezone":"","_EventStartDate":"","_EventEndDate":"","_EventStartDateUTC":"","_EventEndDateUTC":"","_EventShowMap":false,"_EventShowMapLink":false,"_EventURL":"","_EventCost":"","_EventCostDescription":"","_EventCurrencySymbol":"","_EventCurrencyCode":"","_EventCurrencyPosition":"","_EventDateTimeSeparator":"","_EventTimeRangeSeparator":"","_EventOrganizerID":[],"_EventVenueID":[],"_OrganizerEmail":"","_OrganizerPhone":"","_OrganizerWebsite":"","_VenueAddress":"","_VenueCity":"","_VenueCountry":"","_VenueProvince":"","_VenueState":"","_VenueZip":"","_VenuePhone":"","_VenueURL":"","_VenueStateProvince":"","_VenueLat":"","_VenueLng":"","_VenueShowMap":false,"_VenueShowMapLink":false,"footnotes":""},"class_list":["post-218","page","type-page","status-publish","hentry"],"publishpress_future_action":{"enabled":false,"date":"2026-05-23 02:58:07","action":"change-status","newStatus":"draft","terms":[],"taxonomy":"","extraData":[]},"publishpress_future_workflow_manual_trigger":{"enabledWorkflows":[]},"_links":{"self":[{"href":"https:\/\/www.hastnas.fi\/index.php?rest_route=\/wp\/v2\/pages\/218","targetHints":{"allow":["GET"]}}],"collection":[{"href":"https:\/\/www.hastnas.fi\/index.php?rest_route=\/wp\/v2\/pages"}],"about":[{"href":"https:\/\/www.hastnas.fi\/index.php?rest_route=\/wp\/v2\/types\/page"}],"author":[{"embeddable":true,"href":"https:\/\/www.hastnas.fi\/index.php?rest_route=\/wp\/v2\/users\/1"}],"replies":[{"embeddable":true,"href":"https:\/\/www.hastnas.fi\/index.php?rest_route=%2Fwp%2Fv2%2Fcomments&post=218"}],"version-history":[{"count":7,"href":"https:\/\/www.hastnas.fi\/index.php?rest_route=\/wp\/v2\/pages\/218\/revisions"}],"predecessor-version":[{"id":1025,"href":"https:\/\/www.hastnas.fi\/index.php?rest_route=\/wp\/v2\/pages\/218\/revisions\/1025"}],"wp:attachment":[{"href":"https:\/\/www.hastnas.fi\/index.php?rest_route=%2Fwp%2Fv2%2Fmedia&parent=218"}],"curies":[{"name":"wp","href":"https:\/\/api.w.org\/{rel}","templated":true}]}}